{"id":960,"date":"2016-11-08T11:54:46","date_gmt":"2016-11-08T10:54:46","guid":{"rendered":"http:\/\/www.sv-heiligenfelde.de\/wordpress\/?page_id=960"},"modified":"2025-09-16T19:01:39","modified_gmt":"2025-09-16T17:01:39","slug":"downloads","status":"publish","type":"page","link":"https:\/\/www.sv-heiligenfelde.de\/wordpress\/downloads\/","title":{"rendered":"Downloads"},"content":{"rendered":"<div class=\"flex_column av_one_full  flex_column_div av-zero-column-padding first  \" style='border-radius:0px; '><p><div style='padding-bottom:10px;' class='av-special-heading av-special-heading-h3     '><h3 class='av-special-heading-tag '  itemprop=\"headline\"  >Beitrittserkl\u00e4rung<\/h3><div class='special-heading-border'><div class='special-heading-inner-border' ><\/div><\/div><\/div><br \/>\n\t<div  class='av_promobox  avia-button-yes '>\t\t<div class='avia-promocontent'><p>\nDu m\u00f6chtest Mitglied des SV Heiligenfelde von 1921 e.V. werden? Hier findest du unsere Beitrittserkl\u00e4rung.<\/p>\n<\/div><div class='avia-button-wrap avia-button-right '><a href='http:\/\/www.sv-heiligenfelde.de\/wordpress\/wp-content\/uploads\/2025\/09\/Beitrittserklaerung.pdf' class='avia-button   avia-icon_select-yes-left-icon avia-color-theme-color avia-size-large avia-position-right '  target=\"_blank\"   ><span class='avia_button_icon avia_button_icon_left ' aria-hidden='true' data-av_icon='\ue86f' data-av_iconfont='entypo-fontello'><\/span><span class='avia_iconbox_title' >DOWNLOAD<\/span><\/a><\/div>\t<\/div><br \/>\n<div style='padding-bottom:10px;' class='av-special-heading av-special-heading-h3     '><h3 class='av-special-heading-tag '  itemprop=\"headline\"  >Beitrags\u00fcbersicht<\/h3><div class='special-heading-border'><div class='special-heading-inner-border' ><\/div><\/div><\/div><br \/>\n\t<div  class='av_promobox  avia-button-yes '>\t\t<div class='avia-promocontent'><p>\nHier findest du unsere Beitrags\u00fcbersicht.<\/p>\n<\/div><div class='avia-button-wrap avia-button-right '><a href='http:\/\/www.sv-heiligenfelde.de\/wordpress\/wp-content\/uploads\/2022\/03\/Uebersicht-Beitraege.pdf' class='avia-button   avia-icon_select-yes-left-icon avia-color-theme-color avia-size-large avia-position-right '  target=\"_blank\"   ><span class='avia_button_icon avia_button_icon_left ' aria-hidden='true' data-av_icon='\ue86f' data-av_iconfont='entypo-fontello'><\/span><span class='avia_iconbox_title' >DOWNLOAD<\/span><\/a><\/div>\t<\/div><br \/>\n<div style='padding-bottom:10px;' class='av-special-heading av-special-heading-h3     '><h3 class='av-special-heading-tag '  itemprop=\"headline\"  >Satzung<\/h3><div class='special-heading-border'><div class='special-heading-inner-border' ><\/div><\/div><\/div><br \/>\n\t<div  class='av_promobox  avia-button-yes '>\t\t<div class='avia-promocontent'><p>\nDie Satzung des SV Heiligenfelde von 1921 e.V. findest du hier.<\/p>\n<\/div><div class='avia-button-wrap avia-button-right '><a href='http:\/\/www.sv-heiligenfelde.de\/wordpress\/wp-content\/uploads\/2020\/05\/Satzung.pdf' class='avia-button   avia-icon_select-yes-left-icon avia-color-theme-color avia-size-large avia-position-right '  target=\"_blank\"   ><span class='avia_button_icon avia_button_icon_left ' aria-hidden='true' data-av_icon='\ue86f' data-av_iconfont='entypo-fontello'><\/span><span class='avia_iconbox_title' >DOWNLOAD<\/span><\/a><\/div>\t<\/div><br \/>\n<div style='padding-bottom:10px;' class='av-special-heading av-special-heading-h3     '><h3 class='av-special-heading-tag '  itemprop=\"headline\"  >Antrag auf Spielerlaubnis &#8211; NFV<\/h3><div class='special-heading-border'><div class='special-heading-inner-border' ><\/div><\/div><\/div><br \/>\n\t<div  class='av_promobox  avia-button-yes '>\t\t<div class='avia-promocontent'><p>\nUnter dem beigef\u00fcgten Link kann der Antrag auf Spielerlaubnis beim Nieders\u00e4chsischen Fu\u00dfballverband heruntergeladen werden.<\/p>\n<\/div><div class='avia-button-wrap avia-button-right '><a href='https:\/\/www.nfv.de\/fileadmin\/user_upload\/NFV\/Inhalt\/Spielbetrieb\/Passstelle\/Spielerlaubnisantrag_0624.pdf' class='avia-button   avia-icon_select-yes-left-icon avia-color-theme-color avia-size-large avia-position-right '  target=\"_blank\"   ><span class='avia_button_icon avia_button_icon_left ' aria-hidden='true' data-av_icon='\ue86f' data-av_iconfont='entypo-fontello'><\/span><span class='avia_iconbox_title' >DOWNLOAD<\/span><\/a><\/div>\t<\/div><br \/>\n<div style='padding-bottom:10px;' class='av-special-heading av-special-heading-h3     '><h3 class='av-special-heading-tag '  itemprop=\"headline\"  >Altpapier<\/h3><div class='special-heading-border'><div class='special-heading-inner-border' ><\/div><\/div><\/div><br \/>\n\t<div  class='av_promobox  avia-button-yes '>\t\t<div class='avia-promocontent'><p>\nDas Altpapier kann zuk\u00fcnftig in den Papierbeh\u00e4lter, welcher sich auf dem Parkplatz des Sportvereines befindet, entsorgt werden.<\/p>\n<\/div><div class='avia-button-wrap avia-button-right '><a href='http:\/\/www.sv-heiligenfelde.de\/wordpress\/wp-content\/uploads\/2024\/01\/Aenderung-beim-Altpapier.pdf' class='avia-button   avia-icon_select-yes-left-icon avia-color-theme-color avia-size-large avia-position-right '  target=\"_blank\"   ><span class='avia_button_icon avia_button_icon_left ' aria-hidden='true' data-av_icon='\ue86f' data-av_iconfont='entypo-fontello'><\/span><span class='avia_iconbox_title' >DOWNLOAD<\/span><\/a><\/div>\t<\/div><br \/>\n<div style='padding-bottom:10px;' class='av-special-heading av-special-heading-h3     '><h3 class='av-special-heading-tag '  itemprop=\"headline\"  >Belegungsplan Schulhalle <\/h3><div class='special-heading-border'><div class='special-heading-inner-border' ><\/div><\/div><\/div><br \/>\n\t<div  class='av_promobox  avia-button-yes '>\t\t<div class='avia-promocontent'><p>\nHier findest du den aktuellen Belegungsplan der Schulsporthalle.<\/p>\n<\/div><div class='avia-button-wrap avia-button-right '><a href='http:\/\/www.sv-heiligenfelde.de\/wordpress\/wp-content\/uploads\/2016\/11\/Belegungsplan-Schulhalle-2017-18.xlsx' class='avia-button   avia-icon_select-yes-left-icon avia-color-theme-color avia-size-large avia-position-right '  target=\"_blank\"   ><span class='avia_button_icon avia_button_icon_left ' aria-hidden='true' data-av_icon='\ue86f' data-av_iconfont='entypo-fontello'><\/span><span class='avia_iconbox_title' >DOWNLOAD<\/span><\/a><\/div>\t<\/div><br \/>\n<div style='padding-bottom:10px;' class='av-special-heading av-special-heading-h3     '><h3 class='av-special-heading-tag '  itemprop=\"headline\"  >Jubil\u00e4umstrikot<\/h3><div class='special-heading-border'><div class='special-heading-inner-border' ><\/div><\/div><\/div><br \/>\n\t<div  class='av_promobox  avia-button-yes '>\t\t<div class='avia-promocontent'><p>\nDas Formular f\u00fcr das SV Heiligenfelde von 1921 e.V. Jubil\u00e4umstrikot findest du hier.<\/p>\n<\/div><div class='avia-button-wrap avia-button-right '><a href='http:\/\/www.sv-heiligenfelde.de\/wordpress\/wp-content\/uploads\/2020\/07\/0001-scaled.jpg' class='avia-button   avia-icon_select-yes-left-icon avia-color-theme-color avia-size-large avia-position-right '  target=\"_blank\"   ><span class='avia_button_icon avia_button_icon_left ' aria-hidden='true' data-av_icon='\ue86f' data-av_iconfont='entypo-fontello'><\/span><span class='avia_iconbox_title' >DOWNLOAD<\/span><\/a><\/div>\t<\/div><\/p><\/div>\n","protected":false},"excerpt":{"rendered":"","protected":false},"author":2,"featured_media":0,"parent":0,"menu_order":0,"comment_status":"closed","ping_status":"closed","template":"","meta":{"footnotes":""},"_links":{"self":[{"href":"https:\/\/www.sv-heiligenfelde.de\/wordpress\/wp-json\/wp\/v2\/pages\/960"}],"collection":[{"href":"https:\/\/www.sv-heiligenfelde.de\/wordpress\/wp-json\/wp\/v2\/pages"}],"about":[{"href":"https:\/\/www.sv-heiligenfelde.de\/wordpress\/wp-json\/wp\/v2\/types\/page"}],"author":[{"embeddable":true,"href":"https:\/\/www.sv-heiligenfelde.de\/wordpress\/wp-json\/wp\/v2\/users\/2"}],"replies":[{"embeddable":true,"href":"https:\/\/www.sv-heiligenfelde.de\/wordpress\/wp-json\/wp\/v2\/comments?post=960"}],"version-history":[{"count":42,"href":"https:\/\/www.sv-heiligenfelde.de\/wordpress\/wp-json\/wp\/v2\/pages\/960\/revisions"}],"predecessor-version":[{"id":3188,"href":"https:\/\/www.sv-heiligenfelde.de\/wordpress\/wp-json\/wp\/v2\/pages\/960\/revisions\/3188"}],"wp:attachment":[{"href":"https:\/\/www.sv-heiligenfelde.de\/wordpress\/wp-json\/wp\/v2\/media?parent=960"}],"curies":[{"name":"wp","href":"https:\/\/api.w.org\/{rel}","templated":true}]}}